{"id":639,"date":"2025-01-26T13:03:15","date_gmt":"2025-01-26T13:03:15","guid":{"rendered":"https:\/\/dev.great-escape.be\/?page_id=639"},"modified":"2025-01-30T16:16:55","modified_gmt":"2025-01-30T16:16:55","slug":"faq-3","status":"publish","type":"page","link":"https:\/\/www.anotheronebitesthedust.be\/?page_id=639&lang=fr","title":{"rendered":"FAQ"},"content":{"rendered":"\t\t<div data-elementor-type=\"wp-page\" data-elementor-id=\"639\" class=\"elementor elementor-639\" data-elementor-post-type=\"page\">\n\t\t\t\t<div class=\"elementor-element elementor-element-b80abf5 e-con-full e-flex e-con e-parent\" data-id=\"b80abf5\" data-element_type=\"container\">\n\t\t<div class=\"elementor-element elementor-element-79c57b6 e-con-full e-flex e-con e-child\" data-id=\"79c57b6\" data-element_type=\"container\">\n\t\t\t\t<div class=\"elementor-element elementor-element-9b7954b elementor-widget elementor-widget-heading\" data-id=\"9b7954b\" data-element_type=\"widget\" data-widget_type=\"heading.default\">\n\t\t\t\t<div class=\"elementor-widget-container\">\n\t\t\t\t\t<h1 class=\"elementor-heading-title elementor-size-default\">FAQ<\/h1>\t\t\t\t<\/div>\n\t\t\t\t<\/div>\n\t\t\t\t<div class=\"elementor-element elementor-element-2c6c0b9 elementor-widget-divider--view-line elementor-widget elementor-widget-divider\" data-id=\"2c6c0b9\" data-element_type=\"widget\" data-widget_type=\"divider.default\">\n\t\t\t\t<div class=\"elementor-widget-container\">\n\t\t\t\t\t\t\t<div class=\"elementor-divider\">\n\t\t\t<span class=\"elementor-divider-separator\">\n\t\t\t\t\t\t<\/span>\n\t\t<\/div>\n\t\t\t\t\t\t<\/div>\n\t\t\t\t<\/div>\n\t\t\t\t<div class=\"elementor-element elementor-element-d0eccac elementor-widget__width-inherit elementor-widget elementor-widget-text-editor\" data-id=\"d0eccac\" data-element_type=\"widget\" data-widget_type=\"text-editor.default\">\n\t\t\t\t<div class=\"elementor-widget-container\">\n\t\t\t\t\t\t\t\t\t<div class=\"experimental-mode-disclaimer-container ng-star-inserted\">\u00a0<\/div><div id=\"model-response-message-contentr_1fb7ffd9811746d9\" class=\"markdown markdown-main-panel\" dir=\"ltr\"><div class=\"experimental-mode-disclaimer-container ng-star-inserted\"><div class=\"disclaimer\">Bien que nous essayions d&#8217;\u00eatre aussi clairs que possible dans notre communication, il est parfois difficile de faire passer notre message.<\/div><\/div><div id=\"model-response-message-contentr_1fb7ffd9811746d9\" class=\"markdown markdown-main-panel\" dir=\"ltr\"><p data-sourcepos=\"3:1-3:164\">C&#8217;est l\u00e0 que cette page devrait vous \u00eatre utile, car c&#8217;est l&#8217;endroit o\u00f9 nous essaierons de vous donner des r\u00e9ponses aux questions que nous recevons le plus souvent.<\/p><\/div><\/div>\t\t\t\t\t\t\t\t<\/div>\n\t\t\t\t<\/div>\n\t\t\t\t<\/div>\n\t\t<div class=\"elementor-element elementor-element-aea334a e-con-full e-flex e-con e-child\" data-id=\"aea334a\" data-element_type=\"container\" data-settings=\"{&quot;background_background&quot;:&quot;classic&quot;}\">\n\t\t\t\t<div class=\"elementor-element elementor-element-8a00fbe elementor-widget elementor-widget-image\" data-id=\"8a00fbe\" data-element_type=\"widget\" data-widget_type=\"image.default\">\n\t\t\t\t<div class=\"elementor-widget-container\">\n\t\t\t\t\t\t\t\t\t\t\t\t\t\t\t<img fetchpriority=\"high\" decoding=\"async\" width=\"800\" height=\"800\" src=\"https:\/\/www.anotheronebitesthedust.be\/wp-content\/uploads\/2025\/01\/FAQ-1-1024x1024.png\" class=\"attachment-large size-large wp-image-1496\" alt=\"\" srcset=\"https:\/\/www.anotheronebitesthedust.be\/wp-content\/uploads\/2025\/01\/FAQ-1-1024x1024.png 1024w, https:\/\/www.anotheronebitesthedust.be\/wp-content\/uploads\/2025\/01\/FAQ-1-300x300.png 300w, https:\/\/www.anotheronebitesthedust.be\/wp-content\/uploads\/2025\/01\/FAQ-1-150x150.png 150w, https:\/\/www.anotheronebitesthedust.be\/wp-content\/uploads\/2025\/01\/FAQ-1-768x768.png 768w, https:\/\/www.anotheronebitesthedust.be\/wp-content\/uploads\/2025\/01\/FAQ-1-700x700.png 700w, https:\/\/www.anotheronebitesthedust.be\/wp-content\/uploads\/2025\/01\/FAQ-1.png 1536w\" sizes=\"(max-width: 800px) 100vw, 800px\" \/>\t\t\t\t\t\t\t\t\t\t\t\t\t\t\t<\/div>\n\t\t\t\t<\/div>\n\t\t\t\t<\/div>\n\t\t\t\t<\/div>\n\t\t<div class=\"elementor-element elementor-element-8135cc7 e-flex e-con-boxed e-con e-parent\" data-id=\"8135cc7\" data-element_type=\"container\">\n\t\t\t\t\t<div class=\"e-con-inner\">\n\t\t\t\t<div class=\"elementor-element elementor-element-5edfa44 elementor-widget elementor-widget-n-accordion\" data-id=\"5edfa44\" data-element_type=\"widget\" data-settings=\"{&quot;default_state&quot;:&quot;all_collapsed&quot;,&quot;max_items_expended&quot;:&quot;one&quot;,&quot;n_accordion_animation_duration&quot;:{&quot;unit&quot;:&quot;ms&quot;,&quot;size&quot;:400,&quot;sizes&quot;:[]}}\" data-widget_type=\"nested-accordion.default\">\n\t\t\t\t<div class=\"elementor-widget-container\">\n\t\t\t\t\t\t\t<div class=\"e-n-accordion\" aria-label=\"Accordion. Open links with Enter or Space, close with Escape, and navigate with Arrow Keys\">\n\t\t\t\t\t\t<details id=\"e-n-accordion-item-9940\" class=\"e-n-accordion-item\" >\n\t\t\t\t<summary class=\"e-n-accordion-item-title\" data-accordion-index=\"1\" tabindex=\"0\" aria-expanded=\"false\" aria-controls=\"e-n-accordion-item-9940\" >\n\t\t\t\t\t<span class='e-n-accordion-item-title-header'><div class=\"e-n-accordion-item-title-text\"> Animaux <\/div><\/span>\n\t\t\t\t\t\t\t<span class='e-n-accordion-item-title-icon'>\n\t\t\t<span class='e-opened' ><svg aria-hidden=\"true\" class=\"e-font-icon-svg e-fas-minus\" viewBox=\"0 0 448 512\" xmlns=\"http:\/\/www.w3.org\/2000\/svg\"><path d=\"M416 208H32c-17.67 0-32 14.33-32 32v32c0 17.67 14.33 32 32 32h384c17.67 0 32-14.33 32-32v-32c0-17.67-14.33-32-32-32z\"><\/path><\/svg><\/span>\n\t\t\t<span class='e-closed'><svg aria-hidden=\"true\" class=\"e-font-icon-svg e-fas-plus\" viewBox=\"0 0 448 512\" xmlns=\"http:\/\/www.w3.org\/2000\/svg\"><path d=\"M416 208H272V64c0-17.67-14.33-32-32-32h-32c-17.67 0-32 14.33-32 32v144H32c-17.67 0-32 14.33-32 32v32c0 17.67 14.33 32 32 32h144v144c0 17.67 14.33 32 32 32h32c17.67 0 32-14.33 32-32V304h144c17.67 0 32-14.33 32-32v-32c0-17.67-14.33-32-32-32z\"><\/path><\/svg><\/span>\n\t\t<\/span>\n\n\t\t\t\t\t\t<\/summary>\n\t\t\t\t<div role=\"region\" aria-labelledby=\"e-n-accordion-item-9940\" class=\"elementor-element elementor-element-8ed46aa e-con-full e-flex e-con e-child\" data-id=\"8ed46aa\" data-element_type=\"container\">\n\t\t\t\t<div class=\"elementor-element elementor-element-212a1c3 elementor-widget elementor-widget-text-editor\" data-id=\"212a1c3\" data-element_type=\"widget\" data-widget_type=\"text-editor.default\">\n\t\t\t\t<div class=\"elementor-widget-container\">\n\t\t\t\t\t\t\t\t\t<p><strong>Q<\/strong> : Puis-je courir avec mon chien (ou un autre animal de compagnie) ?<\/p><p><br \/><strong>A<\/strong> : Non, ce n&#8217;est pas autoris\u00e9. Bien que nous aimions les animaux, nous ne sommes tout simplement pas \u00e9quip\u00e9s pour prendre en charge les animaux de compagnie si quelque chose arrive \u00e0 leur participant ou \u00e0 l&#8217;animal lui-m\u00eame.<\/p>\t\t\t\t\t\t\t\t<\/div>\n\t\t\t\t<\/div>\n\t\t\t\t<\/div>\n\t\t\t\t\t<\/details>\n\t\t\t\t\t\t<details id=\"e-n-accordion-item-9941\" class=\"e-n-accordion-item\" >\n\t\t\t\t<summary class=\"e-n-accordion-item-title\" data-accordion-index=\"2\" tabindex=\"-1\" aria-expanded=\"false\" aria-controls=\"e-n-accordion-item-9941\" >\n\t\t\t\t\t<span class='e-n-accordion-item-title-header'><div class=\"e-n-accordion-item-title-text\"> M\u00e9dailles <\/div><\/span>\n\t\t\t\t\t\t\t<span class='e-n-accordion-item-title-icon'>\n\t\t\t<span class='e-opened' ><svg aria-hidden=\"true\" class=\"e-font-icon-svg e-fas-minus\" viewBox=\"0 0 448 512\" xmlns=\"http:\/\/www.w3.org\/2000\/svg\"><path d=\"M416 208H32c-17.67 0-32 14.33-32 32v32c0 17.67 14.33 32 32 32h384c17.67 0 32-14.33 32-32v-32c0-17.67-14.33-32-32-32z\"><\/path><\/svg><\/span>\n\t\t\t<span class='e-closed'><svg aria-hidden=\"true\" class=\"e-font-icon-svg e-fas-plus\" viewBox=\"0 0 448 512\" xmlns=\"http:\/\/www.w3.org\/2000\/svg\"><path d=\"M416 208H272V64c0-17.67-14.33-32-32-32h-32c-17.67 0-32 14.33-32 32v144H32c-17.67 0-32 14.33-32 32v32c0 17.67 14.33 32 32 32h144v144c0 17.67 14.33 32 32 32h32c17.67 0 32-14.33 32-32V304h144c17.67 0 32-14.33 32-32v-32c0-17.67-14.33-32-32-32z\"><\/path><\/svg><\/span>\n\t\t<\/span>\n\n\t\t\t\t\t\t<\/summary>\n\t\t\t\t<div role=\"region\" aria-labelledby=\"e-n-accordion-item-9941\" class=\"elementor-element elementor-element-7b445ae e-con-full e-flex e-con e-child\" data-id=\"7b445ae\" data-element_type=\"container\">\n\t\t\t\t<div class=\"elementor-element elementor-element-b55a0a2 elementor-widget elementor-widget-text-editor\" data-id=\"b55a0a2\" data-element_type=\"widget\" data-widget_type=\"text-editor.default\">\n\t\t\t\t<div class=\"elementor-widget-container\">\n\t\t\t\t\t\t\t\t\t<p><strong>Q<\/strong> : Combien de boucles dois-je courir pour obtenir la m\u00e9daille Another One Bites the Dust\u00a0?<\/p><p><br \/><strong>A<\/strong> : Jusqu&#8217;\u00e0 l&#8217;\u00e9dition 2025 incluse, vous devez effectuer 28 boucles pour obtenir une m\u00e9daille, ce qui correspond \u00e0 100 miles (160,9 km en kilom\u00e8tres Legends Trails). \u00c0 partir de l&#8217;\u00e9dition 2026, 34 boucles seront n\u00e9cessaires pour la m\u00e9daille, ce qui correspond \u00e0 200 kilom\u00e8tres Legends Trails.<\/p>\t\t\t\t\t\t\t\t<\/div>\n\t\t\t\t<\/div>\n\t\t\t\t<\/div>\n\t\t\t\t\t<\/details>\n\t\t\t\t\t\t<details id=\"e-n-accordion-item-9942\" class=\"e-n-accordion-item\" >\n\t\t\t\t<summary class=\"e-n-accordion-item-title\" data-accordion-index=\"3\" tabindex=\"-1\" aria-expanded=\"false\" aria-controls=\"e-n-accordion-item-9942\" >\n\t\t\t\t\t<span class='e-n-accordion-item-title-header'><div class=\"e-n-accordion-item-title-text\"> Course Complet? <\/div><\/span>\n\t\t\t\t\t\t\t<span class='e-n-accordion-item-title-icon'>\n\t\t\t<span class='e-opened' ><svg aria-hidden=\"true\" class=\"e-font-icon-svg e-fas-minus\" viewBox=\"0 0 448 512\" xmlns=\"http:\/\/www.w3.org\/2000\/svg\"><path d=\"M416 208H32c-17.67 0-32 14.33-32 32v32c0 17.67 14.33 32 32 32h384c17.67 0 32-14.33 32-32v-32c0-17.67-14.33-32-32-32z\"><\/path><\/svg><\/span>\n\t\t\t<span class='e-closed'><svg aria-hidden=\"true\" class=\"e-font-icon-svg e-fas-plus\" viewBox=\"0 0 448 512\" xmlns=\"http:\/\/www.w3.org\/2000\/svg\"><path d=\"M416 208H272V64c0-17.67-14.33-32-32-32h-32c-17.67 0-32 14.33-32 32v144H32c-17.67 0-32 14.33-32 32v32c0 17.67 14.33 32 32 32h144v144c0 17.67 14.33 32 32 32h32c17.67 0 32-14.33 32-32V304h144c17.67 0 32-14.33 32-32v-32c0-17.67-14.33-32-32-32z\"><\/path><\/svg><\/span>\n\t\t<\/span>\n\n\t\t\t\t\t\t<\/summary>\n\t\t\t\t<div role=\"region\" aria-labelledby=\"e-n-accordion-item-9942\" class=\"elementor-element elementor-element-89e89ab e-flex e-con-boxed e-con e-child\" data-id=\"89e89ab\" data-element_type=\"container\">\n\t\t\t\t\t<div class=\"e-con-inner\">\n\t\t\t\t<div class=\"elementor-element elementor-element-1cb5fbd elementor-widget elementor-widget-text-editor\" data-id=\"1cb5fbd\" data-element_type=\"widget\" data-widget_type=\"text-editor.default\">\n\t\t\t\t<div class=\"elementor-widget-container\">\n\t\t\t\t\t\t\t\t\t<p data-sourcepos=\"11:1-12:388\"><strong>Q<\/strong> : La course et\/ou la distance pour laquelle je souhaite m&#8217;inscrire est compl\u00e8te. Y a-t-il une liste d&#8217;attente\u00a0?<\/p><p data-sourcepos=\"11:1-12:388\"><strong>A<\/strong> : Non, nous n&#8217;appliquons pas de liste d&#8217;attente. Cependant, dans les semaines pr\u00e9c\u00e9dant un \u00e9v\u00e9nement, un certain nombre de personnes vendront probablement leur dossard. Suivez nos groupes Facebook car les dossards y sont g\u00e9n\u00e9ralement propos\u00e9s. Sachez qu&#8217;il n&#8217;est pas autoris\u00e9 de publier des messages dans nos groupes Facebook pour rechercher des dossards. Ces messages seront supprim\u00e9s.<\/p><p data-sourcepos=\"14:1-15:139\"><strong>Q<\/strong> : La course et\/ou la distance pour laquelle je souhaite m&#8217;inscrire est compl\u00e8te. Puis-je b\u00e9n\u00e9ficier d&#8217;une exception parce que je connais assez bien le directeur de course\u00a0?<\/p><p data-sourcepos=\"14:1-15:139\"><strong>A<\/strong> : Non, il y a une raison pour laquelle nous avons d\u00e9termin\u00e9 un nombre de dossards disponibles. Veuillez donc ne pas demander d&#8217;exception.<\/p>\t\t\t\t\t\t\t\t<\/div>\n\t\t\t\t<\/div>\n\t\t\t\t\t<\/div>\n\t\t\t\t<\/div>\n\t\t\t\t\t<\/details>\n\t\t\t\t\t\t<details id=\"e-n-accordion-item-9943\" class=\"e-n-accordion-item\" >\n\t\t\t\t<summary class=\"e-n-accordion-item-title\" data-accordion-index=\"4\" tabindex=\"-1\" aria-expanded=\"false\" aria-controls=\"e-n-accordion-item-9943\" >\n\t\t\t\t\t<span class='e-n-accordion-item-title-header'><div class=\"e-n-accordion-item-title-text\"> Retrait dossards <\/div><\/span>\n\t\t\t\t\t\t\t<span class='e-n-accordion-item-title-icon'>\n\t\t\t<span class='e-opened' ><svg aria-hidden=\"true\" class=\"e-font-icon-svg e-fas-minus\" viewBox=\"0 0 448 512\" xmlns=\"http:\/\/www.w3.org\/2000\/svg\"><path d=\"M416 208H32c-17.67 0-32 14.33-32 32v32c0 17.67 14.33 32 32 32h384c17.67 0 32-14.33 32-32v-32c0-17.67-14.33-32-32-32z\"><\/path><\/svg><\/span>\n\t\t\t<span class='e-closed'><svg aria-hidden=\"true\" class=\"e-font-icon-svg e-fas-plus\" viewBox=\"0 0 448 512\" xmlns=\"http:\/\/www.w3.org\/2000\/svg\"><path d=\"M416 208H272V64c0-17.67-14.33-32-32-32h-32c-17.67 0-32 14.33-32 32v144H32c-17.67 0-32 14.33-32 32v32c0 17.67 14.33 32 32 32h144v144c0 17.67 14.33 32 32 32h32c17.67 0 32-14.33 32-32V304h144c17.67 0 32-14.33 32-32v-32c0-17.67-14.33-32-32-32z\"><\/path><\/svg><\/span>\n\t\t<\/span>\n\n\t\t\t\t\t\t<\/summary>\n\t\t\t\t<div role=\"region\" aria-labelledby=\"e-n-accordion-item-9943\" class=\"elementor-element elementor-element-bf78161 e-flex e-con-boxed e-con e-child\" data-id=\"bf78161\" data-element_type=\"container\">\n\t\t\t\t\t<div class=\"e-con-inner\">\n\t\t\t\t<div class=\"elementor-element elementor-element-1f7d569 elementor-widget elementor-widget-text-editor\" data-id=\"1f7d569\" data-element_type=\"widget\" data-widget_type=\"text-editor.default\">\n\t\t\t\t<div class=\"elementor-widget-container\">\n\t\t\t\t\t\t\t\t\t<p><strong>Q<\/strong> : Vais-je recevoir un code QR ou quelque chose de similaire que je dois apporter \u00e0 l&#8217;inscription\u00a0?<\/p><p><strong>A<\/strong> : Non, nous n&#8217;envoyons pas de codes. Vous pouvez simplement r\u00e9cup\u00e9rer votre dossard en vous pr\u00e9sentant pendant les heures d&#8217;inscription. N&#8217;oubliez pas d&#8217;apporter votre pi\u00e8ce d&#8217;identit\u00e9 ou toute autre forme d&#8217;identification.<\/p>\t\t\t\t\t\t\t\t<\/div>\n\t\t\t\t<\/div>\n\t\t\t\t\t<\/div>\n\t\t\t\t<\/div>\n\t\t\t\t\t<\/details>\n\t\t\t\t\t\t<details id=\"e-n-accordion-item-9944\" class=\"e-n-accordion-item\" >\n\t\t\t\t<summary class=\"e-n-accordion-item-title\" data-accordion-index=\"5\" tabindex=\"-1\" aria-expanded=\"false\" aria-controls=\"e-n-accordion-item-9944\" >\n\t\t\t\t\t<span class='e-n-accordion-item-title-header'><div class=\"e-n-accordion-item-title-text\"> Plus d'information <\/div><\/span>\n\t\t\t\t\t\t\t<span class='e-n-accordion-item-title-icon'>\n\t\t\t<span class='e-opened' ><svg aria-hidden=\"true\" class=\"e-font-icon-svg e-fas-minus\" viewBox=\"0 0 448 512\" xmlns=\"http:\/\/www.w3.org\/2000\/svg\"><path d=\"M416 208H32c-17.67 0-32 14.33-32 32v32c0 17.67 14.33 32 32 32h384c17.67 0 32-14.33 32-32v-32c0-17.67-14.33-32-32-32z\"><\/path><\/svg><\/span>\n\t\t\t<span class='e-closed'><svg aria-hidden=\"true\" class=\"e-font-icon-svg e-fas-plus\" viewBox=\"0 0 448 512\" xmlns=\"http:\/\/www.w3.org\/2000\/svg\"><path d=\"M416 208H272V64c0-17.67-14.33-32-32-32h-32c-17.67 0-32 14.33-32 32v144H32c-17.67 0-32 14.33-32 32v32c0 17.67 14.33 32 32 32h144v144c0 17.67 14.33 32 32 32h32c17.67 0 32-14.33 32-32V304h144c17.67 0 32-14.33 32-32v-32c0-17.67-14.33-32-32-32z\"><\/path><\/svg><\/span>\n\t\t<\/span>\n\n\t\t\t\t\t\t<\/summary>\n\t\t\t\t<div role=\"region\" aria-labelledby=\"e-n-accordion-item-9944\" class=\"elementor-element elementor-element-6b5ffa7 e-flex e-con-boxed e-con e-child\" data-id=\"6b5ffa7\" data-element_type=\"container\">\n\t\t\t\t\t<div class=\"e-con-inner\">\n\t\t\t\t<div class=\"elementor-element elementor-element-d5ccbef elementor-widget elementor-widget-text-editor\" data-id=\"d5ccbef\" data-element_type=\"widget\" data-widget_type=\"text-editor.default\">\n\t\t\t\t<div class=\"elementor-widget-container\">\n\t\t\t\t\t\t\t\t\t<p><strong>Q<\/strong> : Quand recevrai-je plus d&#8217;informations sur la course apr\u00e8s mon inscription\u00a0?<\/p><p><strong>A<\/strong> : Nous essayons d&#8217;envoyer les derni\u00e8res informations sur la course 2 semaines avant l&#8217;\u00e9v\u00e9nement. Vous recevrez un e-mail, mais nous publierons \u00e9galement les informations sur le site web et les publierons sur nos pages Facebook. Les informations contiendront g\u00e9n\u00e9ralement le programme de la course (heures d&#8217;inscription, heures de d\u00e9part, &#8230;), les points de contr\u00f4le, le lien vers le site web de suivi et des choses comme \u00e7a.<\/p>\t\t\t\t\t\t\t\t<\/div>\n\t\t\t\t<\/div>\n\t\t\t\t\t<\/div>\n\t\t\t\t<\/div>\n\t\t\t\t\t<\/details>\n\t\t\t\t\t\t<details id=\"e-n-accordion-item-9945\" class=\"e-n-accordion-item\" >\n\t\t\t\t<summary class=\"e-n-accordion-item-title\" data-accordion-index=\"6\" tabindex=\"-1\" aria-expanded=\"false\" aria-controls=\"e-n-accordion-item-9945\" >\n\t\t\t\t\t<span class='e-n-accordion-item-title-header'><div class=\"e-n-accordion-item-title-text\"> Parcours <\/div><\/span>\n\t\t\t\t\t\t\t<span class='e-n-accordion-item-title-icon'>\n\t\t\t<span class='e-opened' ><svg aria-hidden=\"true\" class=\"e-font-icon-svg e-fas-minus\" viewBox=\"0 0 448 512\" xmlns=\"http:\/\/www.w3.org\/2000\/svg\"><path d=\"M416 208H32c-17.67 0-32 14.33-32 32v32c0 17.67 14.33 32 32 32h384c17.67 0 32-14.33 32-32v-32c0-17.67-14.33-32-32-32z\"><\/path><\/svg><\/span>\n\t\t\t<span class='e-closed'><svg aria-hidden=\"true\" class=\"e-font-icon-svg e-fas-plus\" viewBox=\"0 0 448 512\" xmlns=\"http:\/\/www.w3.org\/2000\/svg\"><path d=\"M416 208H272V64c0-17.67-14.33-32-32-32h-32c-17.67 0-32 14.33-32 32v144H32c-17.67 0-32 14.33-32 32v32c0 17.67 14.33 32 32 32h144v144c0 17.67 14.33 32 32 32h32c17.67 0 32-14.33 32-32V304h144c17.67 0 32-14.33 32-32v-32c0-17.67-14.33-32-32-32z\"><\/path><\/svg><\/span>\n\t\t<\/span>\n\n\t\t\t\t\t\t<\/summary>\n\t\t\t\t<div role=\"region\" aria-labelledby=\"e-n-accordion-item-9945\" class=\"elementor-element elementor-element-d5a89ec e-flex e-con-boxed e-con e-child\" data-id=\"d5a89ec\" data-element_type=\"container\">\n\t\t\t\t\t<div class=\"e-con-inner\">\n\t\t\t\t<div class=\"elementor-element elementor-element-9a1cb2b elementor-widget elementor-widget-text-editor\" data-id=\"9a1cb2b\" data-element_type=\"widget\" data-widget_type=\"text-editor.default\">\n\t\t\t\t<div class=\"elementor-widget-container\">\n\t\t\t\t\t\t\t\t\t<p><strong>Q<\/strong>\u00a0: Quand les parcours de la course seront-ils publi\u00e9s\u00a0?<\/p><p><strong>A<\/strong> : Bien que cette course ait des parcours de course relativement stables, il y a quelques variations chaque ann\u00e9e. Nous publierons les parcours sur notre site web deux semaines avant l&#8217;\u00e9v\u00e9nement. Vous pouvez \u00e9galement t\u00e9l\u00e9charger les fichiers gpx sur notre site web.<\/p>\t\t\t\t\t\t\t\t<\/div>\n\t\t\t\t<\/div>\n\t\t\t\t\t<\/div>\n\t\t\t\t<\/div>\n\t\t\t\t\t<\/details>\n\t\t\t\t\t\t<details id=\"e-n-accordion-item-9946\" class=\"e-n-accordion-item\" >\n\t\t\t\t<summary class=\"e-n-accordion-item-title\" data-accordion-index=\"7\" tabindex=\"-1\" aria-expanded=\"false\" aria-controls=\"e-n-accordion-item-9946\" >\n\t\t\t\t\t<span class='e-n-accordion-item-title-header'><div class=\"e-n-accordion-item-title-text\"> Information b\u00e9n\u00e9voles <\/div><\/span>\n\t\t\t\t\t\t\t<span class='e-n-accordion-item-title-icon'>\n\t\t\t<span class='e-opened' ><svg aria-hidden=\"true\" class=\"e-font-icon-svg e-fas-minus\" viewBox=\"0 0 448 512\" xmlns=\"http:\/\/www.w3.org\/2000\/svg\"><path d=\"M416 208H32c-17.67 0-32 14.33-32 32v32c0 17.67 14.33 32 32 32h384c17.67 0 32-14.33 32-32v-32c0-17.67-14.33-32-32-32z\"><\/path><\/svg><\/span>\n\t\t\t<span class='e-closed'><svg aria-hidden=\"true\" class=\"e-font-icon-svg e-fas-plus\" viewBox=\"0 0 448 512\" xmlns=\"http:\/\/www.w3.org\/2000\/svg\"><path d=\"M416 208H272V64c0-17.67-14.33-32-32-32h-32c-17.67 0-32 14.33-32 32v144H32c-17.67 0-32 14.33-32 32v32c0 17.67 14.33 32 32 32h144v144c0 17.67 14.33 32 32 32h32c17.67 0 32-14.33 32-32V304h144c17.67 0 32-14.33 32-32v-32c0-17.67-14.33-32-32-32z\"><\/path><\/svg><\/span>\n\t\t<\/span>\n\n\t\t\t\t\t\t<\/summary>\n\t\t\t\t<div role=\"region\" aria-labelledby=\"e-n-accordion-item-9946\" class=\"elementor-element elementor-element-13ff789 e-flex e-con-boxed e-con e-child\" data-id=\"13ff789\" data-element_type=\"container\">\n\t\t\t\t\t<div class=\"e-con-inner\">\n\t\t\t\t<div class=\"elementor-element elementor-element-676b608 elementor-widget elementor-widget-text-editor\" data-id=\"676b608\" data-element_type=\"widget\" data-widget_type=\"text-editor.default\">\n\t\t\t\t<div class=\"elementor-widget-container\">\n\t\t\t\t\t\t\t\t\t<p><strong>Q<\/strong>\u00a0: Quand les b\u00e9n\u00e9voles recevront-ils des informations sur leurs affectations\u00a0?<\/p><p><br \/><strong>A<\/strong> : Nous visons \u00e0 envoyer l&#8217;e-mail contenant les informations et le planning pour les b\u00e9n\u00e9voles 2 semaines avant l&#8217;\u00e9v\u00e9nement. Dans cet e-mail, les b\u00e9n\u00e9voles trouveront les t\u00e2ches et l&#8217;horaire qui leur ont \u00e9t\u00e9 attribu\u00e9s, des informations sur l&#8217;\u00e9v\u00e9nement, des informations sur l&#8217;h\u00e9bergement fourni et quelques informations sur l&#8217;\u00e9quipe Legends Trails. Nous demandons \u00e0 tous les b\u00e9n\u00e9voles de confirmer leur pr\u00e9sence en r\u00e9pondant \u00e0 cet e-mail. Si nous vous avons attribu\u00e9 des t\u00e2ches que vous ne souhaitez pas faire ou si nous avons commis une erreur concernant vos disponibilit\u00e9s, c&#8217;est \u00e9galement le moment de nous le faire savoir.<\/p>\t\t\t\t\t\t\t\t<\/div>\n\t\t\t\t<\/div>\n\t\t\t\t\t<\/div>\n\t\t\t\t<\/div>\n\t\t\t\t\t<\/details>\n\t\t\t\t\t\t<details id=\"e-n-accordion-item-9947\" class=\"e-n-accordion-item\" >\n\t\t\t\t<summary class=\"e-n-accordion-item-title\" data-accordion-index=\"8\" tabindex=\"-1\" aria-expanded=\"false\" aria-controls=\"e-n-accordion-item-9947\" >\n\t\t\t\t\t<span class='e-n-accordion-item-title-header'><div class=\"e-n-accordion-item-title-text\"> Est-ce que les supporters\/ma famille sont le bienvenus? <\/div><\/span>\n\t\t\t\t\t\t\t<span class='e-n-accordion-item-title-icon'>\n\t\t\t<span class='e-opened' ><svg aria-hidden=\"true\" class=\"e-font-icon-svg e-fas-minus\" viewBox=\"0 0 448 512\" xmlns=\"http:\/\/www.w3.org\/2000\/svg\"><path d=\"M416 208H32c-17.67 0-32 14.33-32 32v32c0 17.67 14.33 32 32 32h384c17.67 0 32-14.33 32-32v-32c0-17.67-14.33-32-32-32z\"><\/path><\/svg><\/span>\n\t\t\t<span class='e-closed'><svg aria-hidden=\"true\" class=\"e-font-icon-svg e-fas-plus\" viewBox=\"0 0 448 512\" xmlns=\"http:\/\/www.w3.org\/2000\/svg\"><path d=\"M416 208H272V64c0-17.67-14.33-32-32-32h-32c-17.67 0-32 14.33-32 32v144H32c-17.67 0-32 14.33-32 32v32c0 17.67 14.33 32 32 32h144v144c0 17.67 14.33 32 32 32h32c17.67 0 32-14.33 32-32V304h144c17.67 0 32-14.33 32-32v-32c0-17.67-14.33-32-32-32z\"><\/path><\/svg><\/span>\n\t\t<\/span>\n\n\t\t\t\t\t\t<\/summary>\n\t\t\t\t<div role=\"region\" aria-labelledby=\"e-n-accordion-item-9947\" class=\"elementor-element elementor-element-8c047b9 e-flex e-con-boxed e-con e-child\" data-id=\"8c047b9\" data-element_type=\"container\">\n\t\t\t\t\t<div class=\"e-con-inner\">\n\t\t\t\t<div class=\"elementor-element elementor-element-097bcfd elementor-widget elementor-widget-text-editor\" data-id=\"097bcfd\" data-element_type=\"widget\" data-widget_type=\"text-editor.default\">\n\t\t\t\t<div class=\"elementor-widget-container\">\n\t\t\t\t\t\t\t\t\t<p><strong>Q<\/strong> : Les supporters, la famille ou les amis sont-ils les bienvenus?<\/p>\n<p><strong>A<\/strong> : Oui, ils sont plus que bienvenus. Nous avons beaucoup d&#8217;espace sur le terrain de camping, et des boissons et de la nourriture seront disponibles pendant toute la dur\u00e9e de l&#8217;\u00e9v\u00e9nement. Nous fonctionnons avec un syst\u00e8me de confiance \u00e0 Another One Bites the Dust, une bo\u00eete de dons sera disponible.<\/p>\t\t\t\t\t\t\t\t<\/div>\n\t\t\t\t<\/div>\n\t\t\t\t\t<\/div>\n\t\t\t\t<\/div>\n\t\t\t\t\t<\/details>\n\t\t\t\t\t<\/div>\n\t\t\t\t\t\t<\/div>\n\t\t\t\t<\/div>\n\t\t\t\t\t<\/div>\n\t\t\t\t<\/div>\n\t\t\t\t<\/div>\n\t\t","protected":false},"excerpt":{"rendered":"<p>FAQ \u00a0Bien que nous essayions d&#8217;\u00eatre aussi clairs que possible dans notre communication, il est parfois difficile de faire passer notre message. C&#8217;est l\u00e0 que cette page devrait vous \u00eatre utile, car c&#8217;est l&#8217;endroit o\u00f9 nous essaierons de vous donner des r\u00e9ponses aux questions que nous recevons le plus souvent. Animaux Q : Puis-je courir [&hellip;]<\/p>\n","protected":false},"author":1,"featured_media":0,"parent":0,"menu_order":0,"comment_status":"closed","ping_status":"closed","template":"","meta":{"footnotes":""},"class_list":["post-639","page","type-page","status-publish","hentry"],"aioseo_notices":[],"_links":{"self":[{"href":"https:\/\/www.anotheronebitesthedust.be\/index.php?rest_route=\/wp\/v2\/pages\/639","targetHints":{"allow":["GET"]}}],"collection":[{"href":"https:\/\/www.anotheronebitesthedust.be\/index.php?rest_route=\/wp\/v2\/pages"}],"about":[{"href":"https:\/\/www.anotheronebitesthedust.be\/index.php?rest_route=\/wp\/v2\/types\/page"}],"author":[{"embeddable":true,"href":"https:\/\/www.anotheronebitesthedust.be\/index.php?rest_route=\/wp\/v2\/users\/1"}],"replies":[{"embeddable":true,"href":"https:\/\/www.anotheronebitesthedust.be\/index.php?rest_route=%2Fwp%2Fv2%2Fcomments&post=639"}],"version-history":[{"count":22,"href":"https:\/\/www.anotheronebitesthedust.be\/index.php?rest_route=\/wp\/v2\/pages\/639\/revisions"}],"predecessor-version":[{"id":1815,"href":"https:\/\/www.anotheronebitesthedust.be\/index.php?rest_route=\/wp\/v2\/pages\/639\/revisions\/1815"}],"wp:attachment":[{"href":"https:\/\/www.anotheronebitesthedust.be\/index.php?rest_route=%2Fwp%2Fv2%2Fmedia&parent=639"}],"curies":[{"name":"wp","href":"https:\/\/api.w.org\/{rel}","templated":true}]}}