{"id":645,"date":"2025-01-26T13:16:23","date_gmt":"2025-01-26T13:16:23","guid":{"rendered":"https:\/\/dev.great-escape.be\/?page_id=645"},"modified":"2025-01-30T15:01:42","modified_gmt":"2025-01-30T15:01:42","slug":"privacy-policy-2","status":"publish","type":"page","link":"https:\/\/www.anotheronebitesthedust.be\/?page_id=645&lang=fr","title":{"rendered":"Politique de Confidentialit\u00e9"},"content":{"rendered":"\t\t<div data-elementor-type=\"wp-page\" data-elementor-id=\"645\" class=\"elementor elementor-645\" data-elementor-post-type=\"page\">\n\t\t\t\t<div class=\"elementor-element elementor-element-4e4765c e-flex e-con-boxed e-con e-parent\" data-id=\"4e4765c\" data-element_type=\"container\">\n\t\t\t\t\t<div class=\"e-con-inner\">\n\t\t\t\t<div class=\"elementor-element elementor-element-4bd449d1 elementor-widget elementor-widget-text-editor\" data-id=\"4bd449d1\" data-element_type=\"widget\" data-widget_type=\"text-editor.default\">\n\t\t\t\t<div class=\"elementor-widget-container\">\n\t\t\t\t\t\t\t\t\t\n<p><strong>Politique de confidentialit\u00e9<\/strong><\/p>\n<p>Cette politique de confidentialit\u00e9 concerne tous les services en ligne (qui peuvent \u00eatre) qui vous sont fournis par l&#8217;asbl Legends Trails, Bormansstraat 54, 3400 Landen, Belgique, y compris les sites web www.legendstrails.com, www.great-escape.be, www.bellogallico.be, www.legendstrails.be, www.legendstrail.be, www.anotheronebitesthedust.be et ses services en ligne et tout le trafic possible par e-mail dans les forums et les canaux IRC. Nous vous informons que vous \u00eates responsable de toutes les informations que vous nous fournissez et que nous sommes convaincus que ces informations sont v\u00e9ridiques.<\/p>\n<p>En utilisant ce site Web, vous acceptez les r\u00e8gles de la pr\u00e9sente politique de confidentialit\u00e9. Chaque fois que vous fournissez des informations par le biais de ce site Web, vous acceptez que ces informations soient acquises et utilis\u00e9es conform\u00e9ment \u00e0 la pr\u00e9sente politique de confidentialit\u00e9.<\/p>\n<p>L&#8217;asbl Legends Trails n&#8217;acquiert pas intentionnellement d&#8217;informations personnelles sur les visiteurs dont on peut raisonnablement supposer qu&#8217;ils sont mineurs (moins de 18 ans). Nous conseillons aux parents de consulter leurs enfants sur l&#8217;utilisation d&#8217;Internet et les informations qu&#8217;ils fournissent aux sites Web.<\/p>\n<p>Comme beaucoup d&#8217;autres sites Web, ce site Web collecte activement des informations sur les visiteurs en posant certaines questions et en donnant aux visiteurs la possibilit\u00e9 de communiquer directement avec nous par e-mail, avec des formulaires, par le biais de forums et\/ou de canaux IRC. L&#8217;asbl Legends Trails recueille \u00e9galement des informations pour la vente de ses produits. Les informations fournies peuvent contenir des informations personnelles (c&#8217;est-\u00e0-dire des informations qui ne peuvent se rapporter qu&#8217;\u00e0 vous, telles que votre nom complet, votre adresse, votre adresse e-mail, votre num\u00e9ro de t\u00e9l\u00e9phone, etc.).<\/p>\n<p>Parfois, la fourniture d&#8217;informations sp\u00e9cifiques est une condition pour b\u00e9n\u00e9ficier de certains avantages (tels que des abonnements \u00e0 des newsletters ou \u00e0 d&#8217;autres informations) ou pour participer \u00e0 certaines activit\u00e9s (telles que des concours, l&#8217;achat de produits ou d&#8217;autres offres). Vous trouverez plus d&#8217;informations \u00e0 l&#8217;endroit o\u00f9 ces informations sont collect\u00e9es sur les informations requises et celles qui sont facultatives.<\/p>\n<p>Lors de la navigation sur un site web, certaines informations peuvent \u00eatre collect\u00e9es passivement (c&#8217;est-\u00e0-dire sans que l&#8217;utilisateur ne fournisse activement ces informations) par le biais de diverses ressources technologiques telles que les adresses IP, les cookies et les donn\u00e9es de navigation.<\/p>\n<p>Comme tous les autres sites Web, ce site Web utilise des adresses de protocole Internet (adresse IP). Une adresse IP est attribu\u00e9e \u00e0 votre ordinateur par votre fournisseur d&#8217;acc\u00e8s \u00e0 Internet et permet \u00e0 son utilisateur d&#8217;acc\u00e9der \u00e0 Internet. G\u00e9n\u00e9ralement, une adresse IP ne contient pas d&#8217;informations personnelles car elle est dynamique (elle change \u00e0 chaque fois que l&#8217;on se connecte \u00e0 Internet) et non statique (c&#8217;est-\u00e0-dire qu&#8217;elle appartient \u00e0 l&#8217;ordinateur d&#8217;un utilisateur donn\u00e9). Nous utilisons votre adresse IP pour v\u00e9rifier les probl\u00e8mes de serveur, pour recueillir des informations statistiques, pour d\u00e9terminer la connexion la plus rapide entre votre ordinateur et notre site Web et pour g\u00e9rer et am\u00e9liorer notre site Web. Pour des raisons de s\u00e9curit\u00e9 et pour \u00e9viter toute utilisation abusive par inondation et spam, notre serveur enregistrera votre adresse IP dans certains cas.<\/p>\n<p>Les visiteurs du site web qui nous fournissent des informations personnelles pour quelque raison que ce soit peuvent acc\u00e9der \u00e0 ces informations et les modifier conform\u00e9ment \u00e0 la loi du 8 d\u00e9cembre 1992 sur la protection de la vie priv\u00e9e. Si les informations de l&#8217;utilisateur sont utilis\u00e9es \u00e0 des fins de marketing direct, vous avez le droit de vous y opposer gratuitement. Si vous recevez actuellement des informations de notre part et que vous ne souhaitez plus les recevoir, veuillez legend@legendstrails.com envoyer un e-mail en indiquant \u00ab Pas d&#8217;autres envois \u00bb dans l&#8217;en-t\u00eate de l&#8217;objet. Veuillez \u00e9galement fournir votre num\u00e9ro de client (si vous le connaissez) et votre code postal. Vous pouvez \u00e9galement cliquer sur le lien en bas de vos e-mails pour vous d\u00e9sinscrire.<\/p>\n<p><strong>Cookies<\/strong><\/p>\n<p>Un cookie est un petit \u00e9l\u00e9ment de donn\u00e9es qu&#8217;un site Web demande \u00e0 votre navigateur et qui est stock\u00e9 dans votre ordinateur ou votre appareil mobile. Le cookie permet \u00e0 ce site Web de \u00ab se souvenir \u00bb de vos actions ou pr\u00e9f\u00e9rences au fil du temps. Legends Trails.vzw utilise des cookies afin de rendre votre visite sur notre site web plus agr\u00e9able et plus facile.<\/p>\n<p>Nous utilisons deux types de cookies diff\u00e9rents : les cookies de session et les cookies persistants. Les cookies de session sont effac\u00e9s apr\u00e8s la fermeture du navigateur de votre ordinateur. Ces cookies sont utilis\u00e9s pour stocker des donn\u00e9es temporaires, telles que des articles dans votre panier. Les cookies persistants restent sur votre ordinateur apr\u00e8s la fermeture d&#8217;un navigateur. Nous utilisons ces cookies pour stocker des informations, telles que votre nom d&#8217;utilisateur et votre mot de passe. De cette fa\u00e7on, vous n&#8217;aurez pas \u00e0 vous connecter \u00e0 chaque fois que vous visiterez notre site. Ces cookies sont utilis\u00e9s pour augmenter le confort sur le site web. Les cookies persistants peuvent rester des jours, des mois ou m\u00eame des ann\u00e9es sur votre ordinateur.<\/p>\n<p>Vous pouvez facilement supprimer les cookies de votre navigateur sur votre ordinateur ou votre appareil mobile. Consultez l&#8217;aide de votre navigateur pour obtenir des instructions sur les param\u00e8tres des cookies et la suppression des cookies. Vous pouvez choisir de d\u00e9sactiver les cookies ou d&#8217;\u00eatre alert\u00e9 chaque fois qu&#8217;un nouveau cookie est envoy\u00e9 sur votre ordinateur ou votre appareil mobile. Veuillez noter que si vous choisissez de d\u00e9sactiver les cookies, vous ne pouvez pas utiliser toutes les fonctionnalit\u00e9s.<\/p>\n<p><strong>Plus d&#8217;informations<\/strong><\/p>\n<p>Pour plus d&#8217;informations, veuillez nous contacter par e-mail via legend@legendstrails.com.<\/p>\n<p>\u00a0<\/p>\n\t\t\t\t\t\t\t\t<\/div>\n\t\t\t\t<\/div>\n\t\t\t\t\t<\/div>\n\t\t\t\t<\/div>\n\t\t\t\t<\/div>\n\t\t","protected":false},"excerpt":{"rendered":"<p>Politique de confidentialit\u00e9 Cette politique de confidentialit\u00e9 concerne tous les services en ligne (qui peuvent \u00eatre) qui vous sont fournis par l&#8217;asbl Legends Trails, Bormansstraat 54, 3400 Landen, Belgique, y compris les sites web www.legendstrails.com, www.great-escape.be, www.bellogallico.be, www.legendstrails.be, www.legendstrail.be, www.anotheronebitesthedust.be et ses services en ligne et tout le trafic possible par e-mail dans les forums [&hellip;]<\/p>\n","protected":false},"author":1,"featured_media":0,"parent":0,"menu_order":0,"comment_status":"closed","ping_status":"open","template":"","meta":{"footnotes":""},"class_list":["post-645","page","type-page","status-publish","hentry"],"aioseo_notices":[],"_links":{"self":[{"href":"https:\/\/www.anotheronebitesthedust.be\/index.php?rest_route=\/wp\/v2\/pages\/645","targetHints":{"allow":["GET"]}}],"collection":[{"href":"https:\/\/www.anotheronebitesthedust.be\/index.php?rest_route=\/wp\/v2\/pages"}],"about":[{"href":"https:\/\/www.anotheronebitesthedust.be\/index.php?rest_route=\/wp\/v2\/types\/page"}],"author":[{"embeddable":true,"href":"https:\/\/www.anotheronebitesthedust.be\/index.php?rest_route=\/wp\/v2\/users\/1"}],"replies":[{"embeddable":true,"href":"https:\/\/www.anotheronebitesthedust.be\/index.php?rest_route=%2Fwp%2Fv2%2Fcomments&post=645"}],"version-history":[{"count":14,"href":"https:\/\/www.anotheronebitesthedust.be\/index.php?rest_route=\/wp\/v2\/pages\/645\/revisions"}],"predecessor-version":[{"id":1789,"href":"https:\/\/www.anotheronebitesthedust.be\/index.php?rest_route=\/wp\/v2\/pages\/645\/revisions\/1789"}],"wp:attachment":[{"href":"https:\/\/www.anotheronebitesthedust.be\/index.php?rest_route=%2Fwp%2Fv2%2Fmedia&parent=645"}],"curies":[{"name":"wp","href":"https:\/\/api.w.org\/{rel}","templated":true}]}}