{"id":736,"date":"2025-01-26T15:24:08","date_gmt":"2025-01-26T15:24:08","guid":{"rendered":"https:\/\/dev.great-escape.be\/?page_id=736"},"modified":"2025-11-25T16:48:55","modified_gmt":"2025-11-25T16:48:55","slug":"reglement-2","status":"publish","type":"page","link":"https:\/\/www.anotheronebitesthedust.be\/?page_id=736&lang=fr","title":{"rendered":"R\u00e8glement"},"content":{"rendered":"\t\t<div data-elementor-type=\"wp-page\" data-elementor-id=\"736\" class=\"elementor elementor-736\" data-elementor-post-type=\"page\">\n\t\t\t\t<div class=\"elementor-element elementor-element-79337ab3 e-flex e-con-boxed e-con e-parent\" data-id=\"79337ab3\" data-element_type=\"container\">\n\t\t\t\t\t<div class=\"e-con-inner\">\n\t\t\t\t<div class=\"elementor-element elementor-element-194f2976 elementor-widget elementor-widget-heading\" data-id=\"194f2976\" data-element_type=\"widget\" data-widget_type=\"heading.default\">\n\t\t\t\t<div class=\"elementor-widget-container\">\n\t\t\t\t\t<h1 class=\"elementor-heading-title elementor-size-default\">R\u00e8glement<\/h1>\t\t\t\t<\/div>\n\t\t\t\t<\/div>\n\t\t\t\t<div class=\"elementor-element elementor-element-47d860d6 elementor-widget-divider--view-line elementor-widget elementor-widget-divider\" data-id=\"47d860d6\" data-element_type=\"widget\" data-widget_type=\"divider.default\">\n\t\t\t\t<div class=\"elementor-widget-container\">\n\t\t\t\t\t\t\t<div class=\"elementor-divider\">\n\t\t\t<span class=\"elementor-divider-separator\">\n\t\t\t\t\t\t<\/span>\n\t\t<\/div>\n\t\t\t\t\t\t<\/div>\n\t\t\t\t<\/div>\n\t\t\t\t\t<\/div>\n\t\t\t\t<\/div>\n\t\t<div class=\"elementor-element elementor-element-7e361ef8 e-flex e-con-boxed e-con e-parent\" data-id=\"7e361ef8\" data-element_type=\"container\" id=\"service1\">\n\t\t\t\t\t<div class=\"e-con-inner\">\n\t\t<div class=\"elementor-element elementor-element-132928fd e-con-full e-flex e-con e-child\" data-id=\"132928fd\" data-element_type=\"container\">\n\t\t\t\t<div class=\"elementor-element elementor-element-7f0d478e elementor-widget elementor-widget-text-editor\" data-id=\"7f0d478e\" data-element_type=\"widget\" data-widget_type=\"text-editor.default\">\n\t\t\t\t<div class=\"elementor-widget-container\">\n\t\t\t\t\t\t\t\t\t<ol>\n<li>\n<p><strong>Les r\u00e8gles&nbsp;(Verifiez-les avant de vous inscrire):<\/strong><\/p>\n<ul>\n<li>La r\u00e8gle la plus importante de tous: Les directeurs de course ont toujours raison. Ne discute pas&nbsp;trop avec eux, ils n\u2019aiment pas&nbsp;\u00e7a&nbsp;\u2026<\/li>\n<li>Chaque heure, le d\u00e9part est donn\u00e9 et que vous&nbsp;couriez une boucle. Si pour n\u2019importe quel raison vous n\u2019\u00eates pas&nbsp;au d\u00e9part \u00e0&nbsp;la l\u2019heure suivante, vous serez marqu\u00e9 comme Did Not Finish (DNF). Notre avis: ne DNF pas, continuez \u00e0 courir!<\/li>\n<li>Tout le monde sera DNF \u00e0 la fin. Il y a une seule mani\u00e8re d\u2019\u00e9viter ca. Quand tout le monde a un DNF et vous couriez encore une boucle enti\u00e8re dans la barri\u00e8re horaire (1 heure), vous recevrez le troph\u00e9e du vainqueur. Si vous ne terminez pas cette boucle en&nbsp;moins d\u2019une heure, ou la derni\u00e8re boucle est ex\u00e9cut\u00e9 par deux personnes ou plus, tout le monde va obtenir un DNF.<\/li>\n<li>Le vainqueur (et le seul \u00e0 ne pas avoir un DNF) re\u00e7oit un troph\u00e9e, les gens qui font plus de 100 miles (28 boucles) recevront une m\u00e9daille de participation aka m\u00e9daille DNF. Si pour une raison quelconque vous d\u00e9cidez d\u2019arr\u00eater avant que la marque de 100 mile a \u00e9t\u00e9 atteint, vous obtenez seulement un DNF, rien d\u2019autre. A partir de l&#8217;\u00e9dition de 2026, vous devez courir 200km (34 boucles) pour une m\u00e9daille.<\/li>\n<li>Vous rejoignez Another One Bites the Dust parce que vous voulez tester vos limites, ne pas parce que vous voulez avoir une course d\u2019entra\u00eenement. AOBtD est fait pour vous sortir de votre zone de confort. Si&nbsp;pour une raison bizarre vous voulez vous arr\u00eater, juste DNF comme tant d\u2019autres personnes l\u2019ont fait avant \u2026<\/li>\n<li>Mat\u00e9riaux obligatoires: Apart du lampe rouge en arri\u00e8re obligatoire, vous prenez tout ce que vous pensez que vous avez besoin, vous \u00eates assez vieux et sage (douteux parce que vous pr\u00e9voyez d\u2019inscrire) pour prendre soin de vous-m\u00eame pendant une boucle de 6 km \u2026<\/li>\n<li>La zone de d\u00e9part et de l\u2019arriv\u00e9e, est l\u2019endroit o\u00f9 vous mangez, dormez, pleurez,&nbsp;\u2026&nbsp;&nbsp;et DNF. Nourriture et boissons sont&nbsp;pr\u00e9par\u00e9s par nos Master Chefs et sont d\u00e9licieux&nbsp; (et s\u2019il vous pla\u00eet dites-leur \u00e7a!). Il y a un m\u00e9decin dans la base,&nbsp;pas d\u2019ambulance \u2026 Si vous avez besoin de plus qu\u2019un m\u00e9decin, il suffit d\u2019appeler 112 et DNF \u2026<\/li>\n<li>Clairment: pas de support pendant les boucles, pas des gens qui vous accompagnent. Des personnes et charact\u00e8res imaginaires sont permis. Si vous avez peur pendant la nuit, notre course ne sera pas amusant pour vous\u2026<\/li>\n<li>Le parcours est compl\u00e8tement balis\u00e9. Si vous avez besoin d\u2019une machette, probablement vous \u00eates hors-parcours. Mais il y a toujours des coureurs qui se trompent du parcours, ne soyez pas comme eux.<\/li>\n<li>On ne donne pas des points UTMB\/ITRA. On ne voit aucune raison \u00e0 payer l\u2019UTMB pour organiser leur inscriptions.<\/li>\n<li>La barri\u00e8re horaire pour une boucle est une heure. Chaque heure vous devez \u00eatre au d\u00e9part, sinon c\u2019est un DNF. Notre avis: ne soyez pas le premier \u00e0 recevoir un DNF.<\/li>\n<li>Pour r\u00e9p\u00e9ter: ne discute pas, ne te plains pas. On n\u2019est pas l\u00e0 pour votre plaisir, on est l\u00e0 pour vous donner une bonne evenement. Et on pense toujours qu\u2019on est gentil.<\/li><li>Apr\u00e8s 50 boucles, on en a marre et on retourne \u00e0 la maison. Celui qui fait la 50i\u00e8me boucle le plus vite sera le vainqueur.<\/li>\n<\/ul>\n<\/li>\n<\/ol>\t\t\t\t\t\t\t\t<\/div>\n\t\t\t\t<\/div>\n\t\t\t\t<\/div>\n\t\t\t\t\t<\/div>\n\t\t\t\t<\/div>\n\t\t\t\t<\/div>\n\t\t","protected":false},"excerpt":{"rendered":"<p>R\u00e8glement Les r\u00e8gles&nbsp;(Verifiez-les avant de vous inscrire): La r\u00e8gle la plus importante de tous: Les directeurs de course ont toujours raison. Ne discute pas&nbsp;trop avec eux, ils n\u2019aiment pas&nbsp;\u00e7a&nbsp;\u2026 Chaque heure, le d\u00e9part est donn\u00e9 et que vous&nbsp;couriez une boucle. Si pour n\u2019importe quel raison vous n\u2019\u00eates pas&nbsp;au d\u00e9part \u00e0&nbsp;la l\u2019heure suivante, vous serez marqu\u00e9 [&hellip;]<\/p>\n","protected":false},"author":1,"featured_media":0,"parent":0,"menu_order":0,"comment_status":"closed","ping_status":"closed","template":"elementor_header_footer","meta":{"footnotes":""},"class_list":["post-736","page","type-page","status-publish","hentry"],"aioseo_notices":[],"_links":{"self":[{"href":"https:\/\/www.anotheronebitesthedust.be\/index.php?rest_route=\/wp\/v2\/pages\/736","targetHints":{"allow":["GET"]}}],"collection":[{"href":"https:\/\/www.anotheronebitesthedust.be\/index.php?rest_route=\/wp\/v2\/pages"}],"about":[{"href":"https:\/\/www.anotheronebitesthedust.be\/index.php?rest_route=\/wp\/v2\/types\/page"}],"author":[{"embeddable":true,"href":"https:\/\/www.anotheronebitesthedust.be\/index.php?rest_route=\/wp\/v2\/users\/1"}],"replies":[{"embeddable":true,"href":"https:\/\/www.anotheronebitesthedust.be\/index.php?rest_route=%2Fwp%2Fv2%2Fcomments&post=736"}],"version-history":[{"count":31,"href":"https:\/\/www.anotheronebitesthedust.be\/index.php?rest_route=\/wp\/v2\/pages\/736\/revisions"}],"predecessor-version":[{"id":2263,"href":"https:\/\/www.anotheronebitesthedust.be\/index.php?rest_route=\/wp\/v2\/pages\/736\/revisions\/2263"}],"wp:attachment":[{"href":"https:\/\/www.anotheronebitesthedust.be\/index.php?rest_route=%2Fwp%2Fv2%2Fmedia&parent=736"}],"curies":[{"name":"wp","href":"https:\/\/api.w.org\/{rel}","templated":true}]}}